{"id":7750,"date":"2022-03-16T10:29:12","date_gmt":"2022-03-16T10:29:12","guid":{"rendered":"https:\/\/www.sdh.hu\/?post_type=product&#038;p=7750"},"modified":"2022-05-17T07:11:29","modified_gmt":"2022-05-17T07:11:29","slug":"a72-sm-a725-kijelzo-feher","status":"publish","type":"product","link":"https:\/\/www.sdh.hu\/en\/product\/a72-sm-a725-kijelzo-feher\/","title":{"rendered":"A72 Kijelz\u0151 &#8211; Feh\u00e9r"},"content":{"rendered":"<p>Sz\u00edn: Feh\u00e9r<\/p>\n<p>Az alkatr\u00e9sz beszerel\u00e9se szak\u00e9rtelmet ig\u00e9nyel! Be\u00e9p\u00edt\u00e9se gy\u00e1rt\u00f3i el\u0151\u00edr\u00e1sok szerint javasolt.<\/p>\n<p>A felt\u00fcntetett term\u00e9kk\u00e9pek mintak\u00e9pk\u00e9nt szolg\u00e1lnak.<\/p>","protected":false},"excerpt":{"rendered":"<p>A term\u00e9k eredeti, gy\u00e1ri alkatr\u00e9sz.<\/p>","protected":false},"featured_media":7748,"comment_status":"open","ping_status":"closed","template":"","meta":[],"product_brand":[],"product_cat":[269],"product_tag":[],"class_list":{"0":"post-7750","1":"product","2":"type-product","3":"status-publish","4":"has-post-thumbnail","6":"product_cat-a72-sm-a725f","8":"first","9":"outofstock","10":"taxable","11":"shipping-taxable","12":"purchasable","13":"product-type-simple"},"_links":{"self":[{"href":"https:\/\/www.sdh.hu\/en\/wp-json\/wp\/v2\/product\/7750","targetHints":{"allow":["GET"]}}],"collection":[{"href":"https:\/\/www.sdh.hu\/en\/wp-json\/wp\/v2\/product"}],"about":[{"href":"https:\/\/www.sdh.hu\/en\/wp-json\/wp\/v2\/types\/product"}],"replies":[{"embeddable":true,"href":"https:\/\/www.sdh.hu\/en\/wp-json\/wp\/v2\/comments?post=7750"}],"wp:featuredmedia":[{"embeddable":true,"href":"https:\/\/www.sdh.hu\/en\/wp-json\/wp\/v2\/media\/7748"}],"wp:attachment":[{"href":"https:\/\/www.sdh.hu\/en\/wp-json\/wp\/v2\/media?parent=7750"}],"wp:term":[{"taxonomy":"product_brand","embeddable":true,"href":"https:\/\/www.sdh.hu\/en\/wp-json\/wp\/v2\/product_brand?post=7750"},{"taxonomy":"product_cat","embeddable":true,"href":"https:\/\/www.sdh.hu\/en\/wp-json\/wp\/v2\/product_cat?post=7750"},{"taxonomy":"product_tag","embeddable":true,"href":"https:\/\/www.sdh.hu\/en\/wp-json\/wp\/v2\/product_tag?post=7750"}],"curies":[{"name":"wp","href":"https:\/\/api.w.org\/{rel}","templated":true}]}}