{"id":8198,"date":"2022-03-30T10:01:53","date_gmt":"2022-03-30T10:01:53","guid":{"rendered":"https:\/\/www.sdh.hu\/?post_type=product&#038;p=8198"},"modified":"2022-05-17T07:14:31","modified_gmt":"2022-05-17T07:14:31","slug":"a40-eb-ba405abe-akkumulator","status":"publish","type":"product","link":"https:\/\/www.sdh.hu\/en\/product\/a40-eb-ba405abe-akkumulator\/","title":{"rendered":"A40 EB-BA405ABE Akkumul\u00e1tor"},"content":{"rendered":"<p>Az alkatr\u00e9sz beszerel\u00e9se szak\u00e9rtelmet ig\u00e9nyel! Be\u00e9p\u00edt\u00e9se gy\u00e1rt\u00f3i el\u0151\u00edr\u00e1sok szerint javasolt.<\/p>\n<p>A felt\u00fcntetett term\u00e9kk\u00e9pek mintak\u00e9pk\u00e9nt szolg\u00e1lnak.<\/p>","protected":false},"excerpt":{"rendered":"<p>A term\u00e9k eredeti, gy\u00e1ri alkatr\u00e9sz.<\/p>","protected":false},"featured_media":8199,"comment_status":"open","ping_status":"closed","template":"","meta":[],"product_brand":[],"product_cat":[260],"product_tag":[],"class_list":{"0":"post-8198","1":"product","2":"type-product","3":"status-publish","4":"has-post-thumbnail","6":"product_cat-a40-sm-a405f","8":"first","9":"outofstock","10":"taxable","11":"shipping-taxable","12":"purchasable","13":"product-type-simple"},"_links":{"self":[{"href":"https:\/\/www.sdh.hu\/en\/wp-json\/wp\/v2\/product\/8198","targetHints":{"allow":["GET"]}}],"collection":[{"href":"https:\/\/www.sdh.hu\/en\/wp-json\/wp\/v2\/product"}],"about":[{"href":"https:\/\/www.sdh.hu\/en\/wp-json\/wp\/v2\/types\/product"}],"replies":[{"embeddable":true,"href":"https:\/\/www.sdh.hu\/en\/wp-json\/wp\/v2\/comments?post=8198"}],"wp:featuredmedia":[{"embeddable":true,"href":"https:\/\/www.sdh.hu\/en\/wp-json\/wp\/v2\/media\/8199"}],"wp:attachment":[{"href":"https:\/\/www.sdh.hu\/en\/wp-json\/wp\/v2\/media?parent=8198"}],"wp:term":[{"taxonomy":"product_brand","embeddable":true,"href":"https:\/\/www.sdh.hu\/en\/wp-json\/wp\/v2\/product_brand?post=8198"},{"taxonomy":"product_cat","embeddable":true,"href":"https:\/\/www.sdh.hu\/en\/wp-json\/wp\/v2\/product_cat?post=8198"},{"taxonomy":"product_tag","embeddable":true,"href":"https:\/\/www.sdh.hu\/en\/wp-json\/wp\/v2\/product_tag?post=8198"}],"curies":[{"name":"wp","href":"https:\/\/api.w.org\/{rel}","templated":true}]}}