{"id":8219,"date":"2022-03-30T12:47:03","date_gmt":"2022-03-30T12:47:03","guid":{"rendered":"https:\/\/www.sdh.hu\/?post_type=product&#038;p=8219"},"modified":"2022-05-17T07:14:40","modified_gmt":"2022-05-17T07:14:40","slug":"a22-a32-4g-eb-ba315aby-akkumulator","status":"publish","type":"product","link":"https:\/\/www.sdh.hu\/en\/product\/a22-a32-4g-eb-ba315aby-akkumulator\/","title":{"rendered":"A22 \/ A32 4G \/ A31 EB-BA315ABY Akkumul\u00e1tor"},"content":{"rendered":"<p>Kompatibilis Modellek: A22 (SM-A225) \/ A32 4G (SM-A325) \/ A31 (SM-A315)<\/p>\n<p>Az alkatr\u00e9sz beszerel\u00e9se szak\u00e9rtelmet ig\u00e9nyel! Be\u00e9p\u00edt\u00e9se gy\u00e1rt\u00f3i el\u0151\u00edr\u00e1sok szerint javasolt.<\/p>\n<p>A felt\u00fcntetett term\u00e9kk\u00e9pek mintak\u00e9pk\u00e9nt szolg\u00e1lnak.<\/p>","protected":false},"excerpt":{"rendered":"<p>A term\u00e9k eredeti, gy\u00e1ri alkatr\u00e9sz.<\/p>","protected":false},"featured_media":8220,"comment_status":"open","ping_status":"closed","template":"","meta":[],"product_brand":[],"product_cat":[255,257,258],"product_tag":[],"class_list":{"0":"post-8219","1":"product","2":"type-product","3":"status-publish","4":"has-post-thumbnail","6":"product_cat-a22-sm-a225f","7":"product_cat-a31-sm-a315f","8":"product_cat-a32-4g-sm-a325f","10":"first","11":"outofstock","12":"taxable","13":"shipping-taxable","14":"purchasable","15":"product-type-simple"},"_links":{"self":[{"href":"https:\/\/www.sdh.hu\/en\/wp-json\/wp\/v2\/product\/8219","targetHints":{"allow":["GET"]}}],"collection":[{"href":"https:\/\/www.sdh.hu\/en\/wp-json\/wp\/v2\/product"}],"about":[{"href":"https:\/\/www.sdh.hu\/en\/wp-json\/wp\/v2\/types\/product"}],"replies":[{"embeddable":true,"href":"https:\/\/www.sdh.hu\/en\/wp-json\/wp\/v2\/comments?post=8219"}],"wp:featuredmedia":[{"embeddable":true,"href":"https:\/\/www.sdh.hu\/en\/wp-json\/wp\/v2\/media\/8220"}],"wp:attachment":[{"href":"https:\/\/www.sdh.hu\/en\/wp-json\/wp\/v2\/media?parent=8219"}],"wp:term":[{"taxonomy":"product_brand","embeddable":true,"href":"https:\/\/www.sdh.hu\/en\/wp-json\/wp\/v2\/product_brand?post=8219"},{"taxonomy":"product_cat","embeddable":true,"href":"https:\/\/www.sdh.hu\/en\/wp-json\/wp\/v2\/product_cat?post=8219"},{"taxonomy":"product_tag","embeddable":true,"href":"https:\/\/www.sdh.hu\/en\/wp-json\/wp\/v2\/product_tag?post=8219"}],"curies":[{"name":"wp","href":"https:\/\/api.w.org\/{rel}","templated":true}]}}