{"id":8373,"date":"2022-04-28T09:02:58","date_gmt":"2022-04-28T09:02:58","guid":{"rendered":"https:\/\/www.sdh.hu\/?post_type=product&#038;p=8373"},"modified":"2022-11-29T08:05:09","modified_gmt":"2022-11-29T08:05:09","slug":"samsung-2in1-adat-es-toltokabel-feher-usb-a-type-c-micro-usb-120-cm","status":"publish","type":"product","link":"https:\/\/www.sdh.hu\/en\/product\/samsung-2in1-adat-es-toltokabel-feher-usb-a-type-c-micro-usb-120-cm\/","title":{"rendered":"Samsung 2in1 Adat- \u00e9s T\u00f6lt\u0151k\u00e1bel Feh\u00e9r (USB-A &#8211; Type-C \/ Micro-USB 120 cm) (EP-DG930DWEGWW)"},"content":{"rendered":"<p>A felt\u00fcntetett term\u00e9kk\u00e9pek mintak\u00e9pk\u00e9nt szolg\u00e1lnak.<\/p>","protected":false},"excerpt":{"rendered":"<p>T\u00f6lt\u0151k\u00e1bel, fej n\u00e9lk\u00fcl.<\/p>\n<p>Csatlakoz\u00f3 t\u00edpusa: USB-A &#8211; Type-C \/ Micro-USB<\/p>","protected":false},"featured_media":9661,"comment_status":"open","ping_status":"closed","template":"","meta":[],"product_brand":[],"product_cat":[354],"product_tag":[],"class_list":{"0":"post-8373","1":"product","2":"type-product","3":"status-publish","4":"has-post-thumbnail","6":"product_cat-samsung-kabelek-es-adapterek","8":"first","9":"instock","10":"taxable","11":"shipping-taxable","12":"purchasable","13":"product-type-simple"},"_links":{"self":[{"href":"https:\/\/www.sdh.hu\/en\/wp-json\/wp\/v2\/product\/8373","targetHints":{"allow":["GET"]}}],"collection":[{"href":"https:\/\/www.sdh.hu\/en\/wp-json\/wp\/v2\/product"}],"about":[{"href":"https:\/\/www.sdh.hu\/en\/wp-json\/wp\/v2\/types\/product"}],"replies":[{"embeddable":true,"href":"https:\/\/www.sdh.hu\/en\/wp-json\/wp\/v2\/comments?post=8373"}],"wp:featuredmedia":[{"embeddable":true,"href":"https:\/\/www.sdh.hu\/en\/wp-json\/wp\/v2\/media\/9661"}],"wp:attachment":[{"href":"https:\/\/www.sdh.hu\/en\/wp-json\/wp\/v2\/media?parent=8373"}],"wp:term":[{"taxonomy":"product_brand","embeddable":true,"href":"https:\/\/www.sdh.hu\/en\/wp-json\/wp\/v2\/product_brand?post=8373"},{"taxonomy":"product_cat","embeddable":true,"href":"https:\/\/www.sdh.hu\/en\/wp-json\/wp\/v2\/product_cat?post=8373"},{"taxonomy":"product_tag","embeddable":true,"href":"https:\/\/www.sdh.hu\/en\/wp-json\/wp\/v2\/product_tag?post=8373"}],"curies":[{"name":"wp","href":"https:\/\/api.w.org\/{rel}","templated":true}]}}