{"id":8389,"date":"2022-04-28T09:56:45","date_gmt":"2022-04-28T09:56:45","guid":{"rendered":"https:\/\/www.sdh.hu\/?post_type=product&#038;p=8389"},"modified":"2024-08-22T08:46:54","modified_gmt":"2024-08-22T08:46:54","slug":"samsung-power-adapter-15w-35w-usb-a-type-c-fekete-ep-ta220nbegeu","status":"publish","type":"product","link":"https:\/\/www.sdh.hu\/en\/product\/samsung-power-adapter-15w-35w-usb-a-type-c-fekete-ep-ta220nbegeu\/","title":{"rendered":"Samsung Power Adapter 15W + 35W USB-A \/ Type-C Fekete (EP-TA220NBEGEU)"},"content":{"rendered":"<p>A term\u00e9k eredeti, gy\u00e1ri alkatr\u00e9sz.<\/p>\n<p>A felt\u00fcntetett term\u00e9kk\u00e9pek mintak\u00e9pk\u00e9nt szolg\u00e1lnak.<\/p>","protected":false},"excerpt":{"rendered":"<p>Csatlakoz\u00e1s t\u00edpusa: USB-A \/ USB Type-C<\/p>\n<p>15W + 35W t\u00f6lt\u0151fej, k\u00e1bel n\u00e9lk\u00fcl.<\/p>","protected":false},"featured_media":9715,"comment_status":"open","ping_status":"closed","template":"","meta":[],"product_brand":[],"product_cat":[355],"product_tag":[],"class_list":{"0":"post-8389","1":"product","2":"type-product","3":"status-publish","4":"has-post-thumbnail","6":"product_cat-samsung-toltok","8":"first","9":"outofstock","10":"taxable","11":"shipping-taxable","12":"purchasable","13":"product-type-simple"},"_links":{"self":[{"href":"https:\/\/www.sdh.hu\/en\/wp-json\/wp\/v2\/product\/8389","targetHints":{"allow":["GET"]}}],"collection":[{"href":"https:\/\/www.sdh.hu\/en\/wp-json\/wp\/v2\/product"}],"about":[{"href":"https:\/\/www.sdh.hu\/en\/wp-json\/wp\/v2\/types\/product"}],"replies":[{"embeddable":true,"href":"https:\/\/www.sdh.hu\/en\/wp-json\/wp\/v2\/comments?post=8389"}],"wp:featuredmedia":[{"embeddable":true,"href":"https:\/\/www.sdh.hu\/en\/wp-json\/wp\/v2\/media\/9715"}],"wp:attachment":[{"href":"https:\/\/www.sdh.hu\/en\/wp-json\/wp\/v2\/media?parent=8389"}],"wp:term":[{"taxonomy":"product_brand","embeddable":true,"href":"https:\/\/www.sdh.hu\/en\/wp-json\/wp\/v2\/product_brand?post=8389"},{"taxonomy":"product_cat","embeddable":true,"href":"https:\/\/www.sdh.hu\/en\/wp-json\/wp\/v2\/product_cat?post=8389"},{"taxonomy":"product_tag","embeddable":true,"href":"https:\/\/www.sdh.hu\/en\/wp-json\/wp\/v2\/product_tag?post=8389"}],"curies":[{"name":"wp","href":"https:\/\/api.w.org\/{rel}","templated":true}]}}