{"id":8401,"date":"2022-04-28T10:29:43","date_gmt":"2022-04-28T10:29:43","guid":{"rendered":"https:\/\/www.sdh.hu\/?post_type=product&#038;p=8401"},"modified":"2025-02-28T11:29:25","modified_gmt":"2025-02-28T11:29:25","slug":"samsung-micro-usb-type-c-adapter-feher-ee-gn930bwegww","status":"publish","type":"product","link":"https:\/\/www.sdh.hu\/en\/product\/samsung-micro-usb-type-c-adapter-feher-ee-gn930bwegww\/","title":{"rendered":"Samsung Micro-USB &#8211; Type-C Adapter Feh\u00e9r (EE-GN930BWEGWW)"},"content":{"rendered":"<p>A term\u00e9k eredeti, gy\u00e1ri alkatr\u00e9sz.<\/p>\n<p>A felt\u00fcntetett term\u00e9kk\u00e9pek mintak\u00e9pk\u00e9nt szolg\u00e1lnak.<\/p>","protected":false},"excerpt":{"rendered":"<p>Csatlakoz\u00e1s t\u00edpusa: Micro-USB &#8211; Type-C<\/p>","protected":false},"featured_media":9676,"comment_status":"open","ping_status":"closed","template":"","meta":[],"product_brand":[],"product_cat":[354],"product_tag":[],"class_list":{"0":"post-8401","1":"product","2":"type-product","3":"status-publish","4":"has-post-thumbnail","6":"product_cat-samsung-kabelek-es-adapterek","8":"first","9":"instock","10":"taxable","11":"shipping-taxable","12":"purchasable","13":"product-type-simple"},"_links":{"self":[{"href":"https:\/\/www.sdh.hu\/en\/wp-json\/wp\/v2\/product\/8401","targetHints":{"allow":["GET"]}}],"collection":[{"href":"https:\/\/www.sdh.hu\/en\/wp-json\/wp\/v2\/product"}],"about":[{"href":"https:\/\/www.sdh.hu\/en\/wp-json\/wp\/v2\/types\/product"}],"replies":[{"embeddable":true,"href":"https:\/\/www.sdh.hu\/en\/wp-json\/wp\/v2\/comments?post=8401"}],"wp:featuredmedia":[{"embeddable":true,"href":"https:\/\/www.sdh.hu\/en\/wp-json\/wp\/v2\/media\/9676"}],"wp:attachment":[{"href":"https:\/\/www.sdh.hu\/en\/wp-json\/wp\/v2\/media?parent=8401"}],"wp:term":[{"taxonomy":"product_brand","embeddable":true,"href":"https:\/\/www.sdh.hu\/en\/wp-json\/wp\/v2\/product_brand?post=8401"},{"taxonomy":"product_cat","embeddable":true,"href":"https:\/\/www.sdh.hu\/en\/wp-json\/wp\/v2\/product_cat?post=8401"},{"taxonomy":"product_tag","embeddable":true,"href":"https:\/\/www.sdh.hu\/en\/wp-json\/wp\/v2\/product_tag?post=8401"}],"curies":[{"name":"wp","href":"https:\/\/api.w.org\/{rel}","templated":true}]}}