{"id":8421,"date":"2022-04-28T11:12:21","date_gmt":"2022-04-28T11:12:21","guid":{"rendered":"https:\/\/www.sdh.hu\/?post_type=product&#038;p=8421"},"modified":"2025-02-06T16:45:06","modified_gmt":"2025-02-06T16:45:06","slug":"samsung-45w-power-adapter-type-c-type-c-kabel-fekete-ep-t4510xbegeu","status":"publish","type":"product","link":"https:\/\/www.sdh.hu\/en\/product\/samsung-45w-power-adapter-type-c-type-c-kabel-fekete-ep-t4510xbegeu\/","title":{"rendered":"Samsung 45W Power Adapter Type-C + Type-C K\u00e1bel Fekete (EP-T4510XBEGEU)"},"content":{"rendered":"<p>A term\u00e9k eredeti, gy\u00e1ri alkatr\u00e9sz.<\/p>\n<p>A felt\u00fcntetett term\u00e9kk\u00e9pek mintak\u00e9pk\u00e9nt szolg\u00e1lnak.<\/p>","protected":false},"excerpt":{"rendered":"<p>45W-os t\u00f6lt\u0151fej, k\u00e1bellel.<\/p>\n<p>Csatlakoz\u00f3 t\u00edpusa: USB Type-C &#8211; USB Type-C<\/p>","protected":false},"featured_media":9709,"comment_status":"open","ping_status":"closed","template":"","meta":[],"product_brand":[],"product_cat":[355],"product_tag":[],"class_list":{"0":"post-8421","1":"product","2":"type-product","3":"status-publish","4":"has-post-thumbnail","6":"product_cat-samsung-toltok","8":"first","9":"outofstock","10":"taxable","11":"shipping-taxable","12":"purchasable","13":"product-type-simple"},"_links":{"self":[{"href":"https:\/\/www.sdh.hu\/en\/wp-json\/wp\/v2\/product\/8421","targetHints":{"allow":["GET"]}}],"collection":[{"href":"https:\/\/www.sdh.hu\/en\/wp-json\/wp\/v2\/product"}],"about":[{"href":"https:\/\/www.sdh.hu\/en\/wp-json\/wp\/v2\/types\/product"}],"replies":[{"embeddable":true,"href":"https:\/\/www.sdh.hu\/en\/wp-json\/wp\/v2\/comments?post=8421"}],"wp:featuredmedia":[{"embeddable":true,"href":"https:\/\/www.sdh.hu\/en\/wp-json\/wp\/v2\/media\/9709"}],"wp:attachment":[{"href":"https:\/\/www.sdh.hu\/en\/wp-json\/wp\/v2\/media?parent=8421"}],"wp:term":[{"taxonomy":"product_brand","embeddable":true,"href":"https:\/\/www.sdh.hu\/en\/wp-json\/wp\/v2\/product_brand?post=8421"},{"taxonomy":"product_cat","embeddable":true,"href":"https:\/\/www.sdh.hu\/en\/wp-json\/wp\/v2\/product_cat?post=8421"},{"taxonomy":"product_tag","embeddable":true,"href":"https:\/\/www.sdh.hu\/en\/wp-json\/wp\/v2\/product_tag?post=8421"}],"curies":[{"name":"wp","href":"https:\/\/api.w.org\/{rel}","templated":true}]}}