{"id":8426,"date":"2022-04-28T11:19:37","date_gmt":"2022-04-28T11:19:37","guid":{"rendered":"https:\/\/www.sdh.hu\/?post_type=product&#038;p=8426"},"modified":"2022-11-29T07:49:29","modified_gmt":"2022-11-29T07:49:29","slug":"samsung-9w-dupla-wireless-tolto-allomas-adapter-feher-ep-p4300twegeu","status":"publish","type":"product","link":"https:\/\/www.sdh.hu\/en\/product\/samsung-9w-dupla-wireless-tolto-allomas-adapter-feher-ep-p4300twegeu\/","title":{"rendered":"Samsung 9W Dupla Wireless T\u00f6lt\u0151 \u00c1llom\u00e1s + Adapter Feh\u00e9r (EP-P4300TWEGEU)"},"content":{"rendered":"<p>A term\u00e9k eredeti, gy\u00e1ri alkatr\u00e9sz.<\/p>\n<p>A felt\u00fcntetett term\u00e9kk\u00e9pek mintak\u00e9pk\u00e9nt szolg\u00e1lnak.<\/p>","protected":false},"excerpt":{"rendered":"<p>9W-os Telefont \u00e9s \u00f3r\u00e1t t\u00f6lt\u0151 Wireless \u00e1llom\u00e1s + 15W T\u00f6lt\u0151fej<\/p>\n<p>Csatlakoz\u00f3 t\u00edpusa: Wireless<\/p>","protected":false},"featured_media":8454,"comment_status":"open","ping_status":"closed","template":"","meta":[],"product_brand":[],"product_cat":[355],"product_tag":[],"class_list":{"0":"post-8426","1":"product","2":"type-product","3":"status-publish","4":"has-post-thumbnail","6":"product_cat-samsung-toltok","8":"first","9":"outofstock","10":"taxable","11":"shipping-taxable","12":"purchasable","13":"product-type-simple"},"_links":{"self":[{"href":"https:\/\/www.sdh.hu\/en\/wp-json\/wp\/v2\/product\/8426","targetHints":{"allow":["GET"]}}],"collection":[{"href":"https:\/\/www.sdh.hu\/en\/wp-json\/wp\/v2\/product"}],"about":[{"href":"https:\/\/www.sdh.hu\/en\/wp-json\/wp\/v2\/types\/product"}],"replies":[{"embeddable":true,"href":"https:\/\/www.sdh.hu\/en\/wp-json\/wp\/v2\/comments?post=8426"}],"wp:featuredmedia":[{"embeddable":true,"href":"https:\/\/www.sdh.hu\/en\/wp-json\/wp\/v2\/media\/8454"}],"wp:attachment":[{"href":"https:\/\/www.sdh.hu\/en\/wp-json\/wp\/v2\/media?parent=8426"}],"wp:term":[{"taxonomy":"product_brand","embeddable":true,"href":"https:\/\/www.sdh.hu\/en\/wp-json\/wp\/v2\/product_brand?post=8426"},{"taxonomy":"product_cat","embeddable":true,"href":"https:\/\/www.sdh.hu\/en\/wp-json\/wp\/v2\/product_cat?post=8426"},{"taxonomy":"product_tag","embeddable":true,"href":"https:\/\/www.sdh.hu\/en\/wp-json\/wp\/v2\/product_tag?post=8426"}],"curies":[{"name":"wp","href":"https:\/\/api.w.org\/{rel}","templated":true}]}}