{"id":8523,"date":"2022-05-17T07:52:56","date_gmt":"2022-05-17T07:52:56","guid":{"rendered":"https:\/\/www.sdh.hu\/?post_type=product&#038;p=8523"},"modified":"2023-02-16T07:07:47","modified_gmt":"2023-02-16T07:07:47","slug":"huawei-ap71-supercharge-adat-es-toltokabel-usb-a-type-c-1m-feher-4071497","status":"publish","type":"product","link":"https:\/\/www.sdh.hu\/en\/product\/huawei-ap71-supercharge-adat-es-toltokabel-usb-a-type-c-1m-feher-4071497\/","title":{"rendered":"Huawei AP55s Hybrid Adat- \u00e9s T\u00f6lt\u0151k\u00e1bel (USB-A &#8211; Type-C\/MicroUSB Feh\u00e9r &#8211; 4071417)"},"content":{"rendered":"<p>A term\u00e9k eredeti, gy\u00e1ri alkatr\u00e9sz.<\/p>\n<p>A felt\u00fcntetett term\u00e9kk\u00e9pek mintak\u00e9pk\u00e9nt szolg\u00e1lnak.<\/p>","protected":false},"excerpt":{"rendered":"<p>Csatlakoz\u00f3 t\u00edpusa: USB-A to USB Type-C \/ MicroUSB<\/p>","protected":false},"featured_media":8528,"comment_status":"open","ping_status":"closed","template":"","meta":[],"product_brand":[],"product_cat":[357],"product_tag":[],"class_list":{"0":"post-8523","1":"product","2":"type-product","3":"status-publish","4":"has-post-thumbnail","6":"product_cat-huawei-kabelek-es-adapterek","8":"first","9":"instock","10":"taxable","11":"shipping-taxable","12":"purchasable","13":"product-type-simple"},"_links":{"self":[{"href":"https:\/\/www.sdh.hu\/en\/wp-json\/wp\/v2\/product\/8523","targetHints":{"allow":["GET"]}}],"collection":[{"href":"https:\/\/www.sdh.hu\/en\/wp-json\/wp\/v2\/product"}],"about":[{"href":"https:\/\/www.sdh.hu\/en\/wp-json\/wp\/v2\/types\/product"}],"replies":[{"embeddable":true,"href":"https:\/\/www.sdh.hu\/en\/wp-json\/wp\/v2\/comments?post=8523"}],"wp:featuredmedia":[{"embeddable":true,"href":"https:\/\/www.sdh.hu\/en\/wp-json\/wp\/v2\/media\/8528"}],"wp:attachment":[{"href":"https:\/\/www.sdh.hu\/en\/wp-json\/wp\/v2\/media?parent=8523"}],"wp:term":[{"taxonomy":"product_brand","embeddable":true,"href":"https:\/\/www.sdh.hu\/en\/wp-json\/wp\/v2\/product_brand?post=8523"},{"taxonomy":"product_cat","embeddable":true,"href":"https:\/\/www.sdh.hu\/en\/wp-json\/wp\/v2\/product_cat?post=8523"},{"taxonomy":"product_tag","embeddable":true,"href":"https:\/\/www.sdh.hu\/en\/wp-json\/wp\/v2\/product_tag?post=8523"}],"curies":[{"name":"wp","href":"https:\/\/api.w.org\/{rel}","templated":true}]}}