{"id":8571,"date":"2022-05-18T13:28:14","date_gmt":"2022-05-18T13:28:14","guid":{"rendered":"https:\/\/www.sdh.hu\/?post_type=product&#038;p=8571"},"modified":"2022-10-06T10:35:13","modified_gmt":"2022-10-06T10:35:13","slug":"xiaomi-mi-adat-es-toltokabel-usb-a-type-c-feher-bhr4422gl","status":"publish","type":"product","link":"https:\/\/www.sdh.hu\/en\/product\/xiaomi-mi-adat-es-toltokabel-usb-a-type-c-feher-bhr4422gl\/","title":{"rendered":"Xiaomi Mi Adat- \u00e9s T\u00f6lt\u0151k\u00e1bel USB-A &#8211; Type-C Feh\u00e9r (BHR4422GL)"},"content":{"rendered":"<p>A term\u00e9k eredeti, gy\u00e1ri alkatr\u00e9sz.<\/p>\n<p>A felt\u00fcntetett term\u00e9kk\u00e9pek mintak\u00e9pk\u00e9nt szolg\u00e1lnak.<\/p>","protected":false},"excerpt":{"rendered":"<p>Maxim\u00e1lis t\u00f6lt\u00e9s: 18W<\/p>\n<p>Csatlakoz\u00f3 t\u00edpusa: USB Type-C<\/p>","protected":false},"featured_media":8573,"comment_status":"open","ping_status":"closed","template":"","meta":[],"product_brand":[],"product_cat":[363],"product_tag":[],"class_list":{"0":"post-8571","1":"product","2":"type-product","3":"status-publish","4":"has-post-thumbnail","6":"product_cat-xiaomi-kabelek-es-adapterek","8":"first","9":"outofstock","10":"taxable","11":"shipping-taxable","12":"purchasable","13":"product-type-simple"},"_links":{"self":[{"href":"https:\/\/www.sdh.hu\/en\/wp-json\/wp\/v2\/product\/8571","targetHints":{"allow":["GET"]}}],"collection":[{"href":"https:\/\/www.sdh.hu\/en\/wp-json\/wp\/v2\/product"}],"about":[{"href":"https:\/\/www.sdh.hu\/en\/wp-json\/wp\/v2\/types\/product"}],"replies":[{"embeddable":true,"href":"https:\/\/www.sdh.hu\/en\/wp-json\/wp\/v2\/comments?post=8571"}],"wp:featuredmedia":[{"embeddable":true,"href":"https:\/\/www.sdh.hu\/en\/wp-json\/wp\/v2\/media\/8573"}],"wp:attachment":[{"href":"https:\/\/www.sdh.hu\/en\/wp-json\/wp\/v2\/media?parent=8571"}],"wp:term":[{"taxonomy":"product_brand","embeddable":true,"href":"https:\/\/www.sdh.hu\/en\/wp-json\/wp\/v2\/product_brand?post=8571"},{"taxonomy":"product_cat","embeddable":true,"href":"https:\/\/www.sdh.hu\/en\/wp-json\/wp\/v2\/product_cat?post=8571"},{"taxonomy":"product_tag","embeddable":true,"href":"https:\/\/www.sdh.hu\/en\/wp-json\/wp\/v2\/product_tag?post=8571"}],"curies":[{"name":"wp","href":"https:\/\/api.w.org\/{rel}","templated":true}]}}