{"id":8577,"date":"2022-05-18T13:38:50","date_gmt":"2022-05-18T13:38:50","guid":{"rendered":"https:\/\/www.sdh.hu\/?post_type=product&#038;p=8577"},"modified":"2024-06-20T09:17:37","modified_gmt":"2024-06-20T09:17:37","slug":"xiaomi-mi-power-adapter-33w-feher-usb-a-type-c-bhr4996gl","status":"publish","type":"product","link":"https:\/\/www.sdh.hu\/en\/product\/xiaomi-mi-power-adapter-33w-feher-usb-a-type-c-bhr4996gl\/","title":{"rendered":"Xiaomi Mi Power Adapter 33W Feh\u00e9r (USB-A &#8211; Type-C) (BHR4996GL)"},"content":{"rendered":"<p>A term\u00e9k eredeti, gy\u00e1ri alkatr\u00e9sz.<\/p>\n<p>A felt\u00fcntetett term\u00e9kk\u00e9pek mintak\u00e9pk\u00e9nt szolg\u00e1lnak.<\/p>","protected":false},"excerpt":{"rendered":"<p>K\u00e1bel N\u00e9lk\u00fcl<\/p>\n<p>Maxim\u00e1lis t\u00f6lt\u00e9s: 33W<\/p>\n<p>Csatlakoz\u00f3 t\u00edpusa: USB Type-C + USB-A<\/p>","protected":false},"featured_media":9723,"comment_status":"open","ping_status":"closed","template":"","meta":[],"product_brand":[],"product_cat":[361],"product_tag":[],"class_list":{"0":"post-8577","1":"product","2":"type-product","3":"status-publish","4":"has-post-thumbnail","6":"product_cat-xiaomi","8":"first","9":"outofstock","10":"taxable","11":"shipping-taxable","12":"purchasable","13":"product-type-simple"},"_links":{"self":[{"href":"https:\/\/www.sdh.hu\/en\/wp-json\/wp\/v2\/product\/8577","targetHints":{"allow":["GET"]}}],"collection":[{"href":"https:\/\/www.sdh.hu\/en\/wp-json\/wp\/v2\/product"}],"about":[{"href":"https:\/\/www.sdh.hu\/en\/wp-json\/wp\/v2\/types\/product"}],"replies":[{"embeddable":true,"href":"https:\/\/www.sdh.hu\/en\/wp-json\/wp\/v2\/comments?post=8577"}],"wp:featuredmedia":[{"embeddable":true,"href":"https:\/\/www.sdh.hu\/en\/wp-json\/wp\/v2\/media\/9723"}],"wp:attachment":[{"href":"https:\/\/www.sdh.hu\/en\/wp-json\/wp\/v2\/media?parent=8577"}],"wp:term":[{"taxonomy":"product_brand","embeddable":true,"href":"https:\/\/www.sdh.hu\/en\/wp-json\/wp\/v2\/product_brand?post=8577"},{"taxonomy":"product_cat","embeddable":true,"href":"https:\/\/www.sdh.hu\/en\/wp-json\/wp\/v2\/product_cat?post=8577"},{"taxonomy":"product_tag","embeddable":true,"href":"https:\/\/www.sdh.hu\/en\/wp-json\/wp\/v2\/product_tag?post=8577"}],"curies":[{"name":"wp","href":"https:\/\/api.w.org\/{rel}","templated":true}]}}