{"id":8599,"date":"2022-05-19T11:51:11","date_gmt":"2022-05-19T11:51:11","guid":{"rendered":"https:\/\/www.sdh.hu\/?post_type=product&#038;p=8599"},"modified":"2024-11-27T12:11:06","modified_gmt":"2024-11-27T12:11:06","slug":"samsung-25w-power-adapter-usb-type-c-type-c-kabellel-fekete-ep-ta800xbegww","status":"publish","type":"product","link":"https:\/\/www.sdh.hu\/en\/product\/samsung-25w-power-adapter-usb-type-c-type-c-kabellel-fekete-ep-ta800xbegww\/","title":{"rendered":"Samsung 25W Power Adapter USB Type-C &#8211; Type-C K\u00e1bellel Fekete (EP-TA800XBEGWW)"},"content":{"rendered":"<p>A term\u00e9k eredeti, gy\u00e1ri alkatr\u00e9sz.<\/p>\n<p>A felt\u00fcntetett term\u00e9kk\u00e9pek mintak\u00e9pk\u00e9nt szolg\u00e1lnak.<\/p>","protected":false},"excerpt":{"rendered":"<p>Maxim\u00e1lis T\u00f6lt\u00e9s: 25W<\/p>\n<p>Csatlakoz\u00f3 t\u00edpusa: USB Type-C &#8211; Type-C K\u00e1bel Mell\u00e9kelve<\/p>","protected":false},"featured_media":9706,"comment_status":"open","ping_status":"closed","template":"","meta":[],"product_brand":[],"product_cat":[355],"product_tag":[],"class_list":{"0":"post-8599","1":"product","2":"type-product","3":"status-publish","4":"has-post-thumbnail","6":"product_cat-samsung-toltok","8":"first","9":"outofstock","10":"taxable","11":"shipping-taxable","12":"purchasable","13":"product-type-simple"},"_links":{"self":[{"href":"https:\/\/www.sdh.hu\/en\/wp-json\/wp\/v2\/product\/8599","targetHints":{"allow":["GET"]}}],"collection":[{"href":"https:\/\/www.sdh.hu\/en\/wp-json\/wp\/v2\/product"}],"about":[{"href":"https:\/\/www.sdh.hu\/en\/wp-json\/wp\/v2\/types\/product"}],"replies":[{"embeddable":true,"href":"https:\/\/www.sdh.hu\/en\/wp-json\/wp\/v2\/comments?post=8599"}],"wp:featuredmedia":[{"embeddable":true,"href":"https:\/\/www.sdh.hu\/en\/wp-json\/wp\/v2\/media\/9706"}],"wp:attachment":[{"href":"https:\/\/www.sdh.hu\/en\/wp-json\/wp\/v2\/media?parent=8599"}],"wp:term":[{"taxonomy":"product_brand","embeddable":true,"href":"https:\/\/www.sdh.hu\/en\/wp-json\/wp\/v2\/product_brand?post=8599"},{"taxonomy":"product_cat","embeddable":true,"href":"https:\/\/www.sdh.hu\/en\/wp-json\/wp\/v2\/product_cat?post=8599"},{"taxonomy":"product_tag","embeddable":true,"href":"https:\/\/www.sdh.hu\/en\/wp-json\/wp\/v2\/product_tag?post=8599"}],"curies":[{"name":"wp","href":"https:\/\/api.w.org\/{rel}","templated":true}]}}