{"id":9224,"date":"2022-06-22T10:05:39","date_gmt":"2022-06-22T10:05:39","guid":{"rendered":"https:\/\/www.sdh.hu\/?post_type=product&#038;p=9224"},"modified":"2022-07-13T09:40:32","modified_gmt":"2022-07-13T09:40:32","slug":"xiaomi-11t-pro-2","status":"publish","type":"product","link":"https:\/\/www.sdh.hu\/en\/product\/xiaomi-11t-pro-2\/","title":{"rendered":"Xiaomi 11T Pro"},"content":{"rendered":"<table style=\"border-collapse: collapse; width: 65.6048%; height: 192px;\">\n<tbody>\n<tr style=\"height: 24px;\">\n<td style=\"width: 9.5945%; height: 24px;\">M\u00e9ret:<\/td>\n<td style=\"width: 75.4727%; height: 24px;\">164.1 x 76.9 x 8.8 mm<\/td>\n<\/tr>\n<tr style=\"height: 24px;\">\n<td style=\"width: 9.5945%; height: 24px;\">Kijelz\u0151:<\/td>\n<td style=\"width: 75.4727%; height: 24px;\">120HZ AMOLED 1080 x 2400 pixel 6.67&#8243;<\/td>\n<\/tr>\n<tr style=\"height: 24px;\">\n<td style=\"width: 9.5945%; height: 24px;\">Processzor:<\/td>\n<td style=\"width: 75.4727%; height: 24px;\">Qualcomm SM8350 Snapdragon 888 5G (5 nm)<\/td>\n<\/tr>\n<tr style=\"height: 24px;\">\n<td style=\"width: 9.5945%; height: 24px;\">Mem\u00f3ria:<\/td>\n<td style=\"width: 75.4727%; height: 24px;\">256GB ROM, 8GB RAM<\/td>\n<\/tr>\n<tr style=\"height: 24px;\">\n<td style=\"width: 9.5945%; height: 24px;\">Kamera:<\/td>\n<td style=\"width: 75.4727%; height: 24px;\">108MP F\u0151, 8MP Ultrasz\u00e9les, 5MP Telefot\u00f3 Makro, 16MP Selfie<\/td>\n<\/tr>\n<tr style=\"height: 24px;\">\n<td style=\"width: 9.5945%; height: 24px;\">Akkumul\u00e1tor:<\/td>\n<td style=\"width: 75.4727%; height: 24px;\">5000 mAh<\/td>\n<\/tr>\n<tr style=\"height: 24px;\">\n<td style=\"width: 9.5945%; height: 24px;\">Csatlakoz\u00f3:<\/td>\n<td style=\"width: 75.4727%; height: 24px;\">USB Type-C<\/td>\n<\/tr>\n<tr style=\"height: 24px;\">\n<td style=\"width: 9.5945%; height: 24px;\">T\u00f6lt\u00e9s:<\/td>\n<td style=\"width: 75.4727%; height: 24px;\">120W<\/td>\n<\/tr>\n<tr>\n<td style=\"width: 9.5945%;\">Kapcsolat:<\/td>\n<td style=\"width: 75.4727%;\">5G<\/td>\n<\/tr>\n<\/tbody>\n<\/table>\n<p>&nbsp;<\/p>\n<p>&nbsp;<\/p>\n<p>&nbsp;<\/p>","protected":false},"excerpt":{"rendered":"<p>Gy\u00e1rt\u00f3: Xiaomi<\/p>\n<p>Bels\u0151 T\u00e1rhely: 256GB<\/p>\n<p>Mem\u00f3ria: 8GB<\/p>\n<p>Sz\u00edn: Meteorite Gray<\/p>\n<p>Garancia: S\u00e1vos Gy\u00e1rt\u00f3i<\/p>\n<p>&nbsp;<\/p>","protected":false},"featured_media":9225,"comment_status":"open","ping_status":"closed","template":"","meta":[],"product_brand":[],"product_cat":[445],"product_tag":[],"class_list":{"0":"post-9224","1":"product","2":"type-product","3":"status-publish","4":"has-post-thumbnail","6":"product_cat-xiaomi-telefonok","8":"first","9":"outofstock","10":"taxable","11":"shipping-taxable","12":"purchasable","13":"product-type-simple"},"_links":{"self":[{"href":"https:\/\/www.sdh.hu\/en\/wp-json\/wp\/v2\/product\/9224","targetHints":{"allow":["GET"]}}],"collection":[{"href":"https:\/\/www.sdh.hu\/en\/wp-json\/wp\/v2\/product"}],"about":[{"href":"https:\/\/www.sdh.hu\/en\/wp-json\/wp\/v2\/types\/product"}],"replies":[{"embeddable":true,"href":"https:\/\/www.sdh.hu\/en\/wp-json\/wp\/v2\/comments?post=9224"}],"wp:featuredmedia":[{"embeddable":true,"href":"https:\/\/www.sdh.hu\/en\/wp-json\/wp\/v2\/media\/9225"}],"wp:attachment":[{"href":"https:\/\/www.sdh.hu\/en\/wp-json\/wp\/v2\/media?parent=9224"}],"wp:term":[{"taxonomy":"product_brand","embeddable":true,"href":"https:\/\/www.sdh.hu\/en\/wp-json\/wp\/v2\/product_brand?post=9224"},{"taxonomy":"product_cat","embeddable":true,"href":"https:\/\/www.sdh.hu\/en\/wp-json\/wp\/v2\/product_cat?post=9224"},{"taxonomy":"product_tag","embeddable":true,"href":"https:\/\/www.sdh.hu\/en\/wp-json\/wp\/v2\/product_tag?post=9224"}],"curies":[{"name":"wp","href":"https:\/\/api.w.org\/{rel}","templated":true}]}}