{"id":9425,"date":"2022-08-25T12:58:54","date_gmt":"2022-08-25T12:58:54","guid":{"rendered":"https:\/\/www.sdh.hu\/?post_type=product&#038;p=9425"},"modified":"2023-02-15T16:32:23","modified_gmt":"2023-02-15T16:32:23","slug":"samsung-galaxy-a53-5g-fekete","status":"publish","type":"product","link":"https:\/\/www.sdh.hu\/en\/product\/samsung-galaxy-a53-5g-fekete\/","title":{"rendered":"Samsung Galaxy A53 fekete 5G"},"content":{"rendered":"<table style=\"border-collapse: collapse;width: 65.6048%;height: 192px\">\n<tbody>\n<tr style=\"height: 24px\">\n<td style=\"width: 9.5945%;height: 24px\">M\u00e9ret:<\/td>\n<td style=\"width: 75.4727%;height: 24px\">159.6 x 74.8 x 8.1 mm<\/td>\n<\/tr>\n<tr style=\"height: 24px\">\n<td style=\"width: 9.5945%;height: 24px\">Kijelz\u0151:<\/td>\n<td style=\"width: 75.4727%;height: 24px\">Super AMOLED, 120Hz, 1080 x 2400 pixel, 6,5&#8242;<\/td>\n<\/tr>\n<tr style=\"height: 24px\">\n<td style=\"width: 9.5945%;height: 24px\">Processzor:<\/td>\n<td style=\"width: 75.4727%;height: 24px\">Exynos 1280 (5 nm)<\/td>\n<\/tr>\n<tr style=\"height: 24px\">\n<td style=\"width: 9.5945%;height: 24px\">Mem\u00f3ria:<\/td>\n<td style=\"width: 75.4727%;height: 24px\">128GB ROM, 6GB RAM<\/td>\n<\/tr>\n<tr style=\"height: 24px\">\n<td style=\"width: 9.5945%;height: 24px\">Kamera:<\/td>\n<td style=\"width: 75.4727%;height: 24px\">64MP F\u0151, 12MP Ultrasz\u00e9les, 5MP Telefot\u00f3 Makro, 5MP M\u00e9lys\u00e9g, 32MP Selfie<\/td>\n<\/tr>\n<tr style=\"height: 24px\">\n<td style=\"width: 9.5945%;height: 24px\">Akkumul\u00e1tor:<\/td>\n<td style=\"width: 75.4727%;height: 24px\">5000 mAh<\/td>\n<\/tr>\n<tr style=\"height: 24px\">\n<td style=\"width: 9.5945%;height: 24px\">Csatlakoz\u00f3:<\/td>\n<td style=\"width: 75.4727%;height: 24px\">USB Type-C<\/td>\n<\/tr>\n<tr style=\"height: 24px\">\n<td style=\"width: 9.5945%;height: 24px\">T\u00f6lt\u00e9s:<\/td>\n<td style=\"width: 75.4727%;height: 24px\">25W<\/td>\n<\/tr>\n<tr>\n<td style=\"width: 9.5945%\">Kapcsolat:<\/td>\n<td style=\"width: 75.4727%\">5G<\/td>\n<\/tr>\n<\/tbody>\n<\/table>\n<p>&nbsp;<\/p>\n<p>&nbsp;<\/p>\n<p>&nbsp;<\/p>","protected":false},"excerpt":{"rendered":"<p>Gy\u00e1rt\u00f3: Samsung<\/p>\n<p>Bels\u0151 T\u00e1rhely: 128GB<\/p>\n<p>Mem\u00f3ria: 6GB<\/p>\n<p>Sz\u00edn: Fekete<\/p>\n<p>Garancia: S\u00e1vos Gy\u00e1rt\u00f3i<\/p>\n<p>&nbsp;<\/p>","protected":false},"featured_media":9426,"comment_status":"open","ping_status":"closed","template":"","meta":[],"product_brand":[],"product_cat":[453],"product_tag":[],"class_list":{"0":"post-9425","1":"product","2":"type-product","3":"status-publish","4":"has-post-thumbnail","6":"product_cat-samsung-telefonok","8":"first","9":"outofstock","10":"taxable","11":"shipping-taxable","12":"purchasable","13":"product-type-simple"},"_links":{"self":[{"href":"https:\/\/www.sdh.hu\/en\/wp-json\/wp\/v2\/product\/9425","targetHints":{"allow":["GET"]}}],"collection":[{"href":"https:\/\/www.sdh.hu\/en\/wp-json\/wp\/v2\/product"}],"about":[{"href":"https:\/\/www.sdh.hu\/en\/wp-json\/wp\/v2\/types\/product"}],"replies":[{"embeddable":true,"href":"https:\/\/www.sdh.hu\/en\/wp-json\/wp\/v2\/comments?post=9425"}],"wp:featuredmedia":[{"embeddable":true,"href":"https:\/\/www.sdh.hu\/en\/wp-json\/wp\/v2\/media\/9426"}],"wp:attachment":[{"href":"https:\/\/www.sdh.hu\/en\/wp-json\/wp\/v2\/media?parent=9425"}],"wp:term":[{"taxonomy":"product_brand","embeddable":true,"href":"https:\/\/www.sdh.hu\/en\/wp-json\/wp\/v2\/product_brand?post=9425"},{"taxonomy":"product_cat","embeddable":true,"href":"https:\/\/www.sdh.hu\/en\/wp-json\/wp\/v2\/product_cat?post=9425"},{"taxonomy":"product_tag","embeddable":true,"href":"https:\/\/www.sdh.hu\/en\/wp-json\/wp\/v2\/product_tag?post=9425"}],"curies":[{"name":"wp","href":"https:\/\/api.w.org\/{rel}","templated":true}]}}