{"id":9430,"date":"2022-08-25T13:18:04","date_gmt":"2022-08-25T13:18:04","guid":{"rendered":"https:\/\/www.sdh.hu\/?post_type=product&#038;p=9430"},"modified":"2022-08-26T10:52:12","modified_gmt":"2022-08-26T10:52:12","slug":"samsung-galaxy-s22","status":"publish","type":"product","link":"https:\/\/www.sdh.hu\/en\/product\/samsung-galaxy-s22\/","title":{"rendered":"Samsung Galaxy S22"},"content":{"rendered":"<table style=\"border-collapse: collapse; width: 65.6048%; height: 216px;\">\n<tbody>\n<tr style=\"height: 24px;\">\n<td style=\"width: 9.5945%; height: 24px;\">M\u00e9ret:<\/td>\n<td style=\"width: 75.4727%; height: 24px;\">146 x 70.6 x 7.6 mm<\/td>\n<\/tr>\n<tr style=\"height: 24px;\">\n<td style=\"width: 9.5945%; height: 24px;\">Kijelz\u0151:<\/td>\n<td style=\"width: 75.4727%; height: 24px;\">Dynamic AMOLED 2X, 120Hz, HDR10+, 1080 x 2340 pixel, 6,1&#8242;<\/td>\n<\/tr>\n<tr style=\"height: 24px;\">\n<td style=\"width: 9.5945%; height: 24px;\">Processzor:<\/td>\n<td style=\"width: 75.4727%; height: 24px;\">Exynos 2200 (4 nm)<\/td>\n<\/tr>\n<tr style=\"height: 24px;\">\n<td style=\"width: 9.5945%; height: 24px;\">Mem\u00f3ria:<\/td>\n<td style=\"width: 75.4727%; height: 24px;\">128GB ROM, 8GB RAM<\/td>\n<\/tr>\n<tr style=\"height: 24px;\">\n<td style=\"width: 9.5945%; height: 24px;\">Kamera:<\/td>\n<td style=\"width: 75.4727%; height: 24px;\">50MP F\u0151, 12MP Ultrasz\u00e9les, 10MP Telefot\u00f3, 3X Optikai Zoom, 10MP Selfie<\/td>\n<\/tr>\n<tr style=\"height: 24px;\">\n<td style=\"width: 9.5945%; height: 24px;\">Akkumul\u00e1tor:<\/td>\n<td style=\"width: 75.4727%; height: 24px;\">3700 mAh<\/td>\n<\/tr>\n<tr style=\"height: 24px;\">\n<td style=\"width: 9.5945%; height: 24px;\">Csatlakoz\u00f3:<\/td>\n<td style=\"width: 75.4727%; height: 24px;\">USB Type-C<\/td>\n<\/tr>\n<tr style=\"height: 24px;\">\n<td style=\"width: 9.5945%; height: 24px;\">T\u00f6lt\u00e9s:<\/td>\n<td style=\"width: 75.4727%; height: 24px;\">25W<\/td>\n<\/tr>\n<tr style=\"height: 24px;\">\n<td style=\"width: 9.5945%; height: 24px;\">Kapcsolat:<\/td>\n<td style=\"width: 75.4727%; height: 24px;\">5G<\/td>\n<\/tr>\n<\/tbody>\n<\/table>\n<p>&nbsp;<\/p>\n<p>&nbsp;<\/p>\n<p>&nbsp;<\/p>","protected":false},"excerpt":{"rendered":"<p>Gy\u00e1rt\u00f3: Samsung<\/p>\n<p>Bels\u0151 T\u00e1rhely: 128GB<\/p>\n<p>Mem\u00f3ria: 8GB<\/p>\n<p>Sz\u00edn: Fantom Feh\u00e9r<\/p>\n<p>Garancia: S\u00e1vos Gy\u00e1rt\u00f3i<\/p>\n<p>&nbsp;<\/p>","protected":false},"featured_media":9431,"comment_status":"open","ping_status":"closed","template":"","meta":[],"product_brand":[],"product_cat":[453],"product_tag":[],"class_list":{"0":"post-9430","1":"product","2":"type-product","3":"status-publish","4":"has-post-thumbnail","6":"product_cat-samsung-telefonok","8":"first","9":"outofstock","10":"taxable","11":"shipping-taxable","12":"purchasable","13":"product-type-simple"},"_links":{"self":[{"href":"https:\/\/www.sdh.hu\/en\/wp-json\/wp\/v2\/product\/9430","targetHints":{"allow":["GET"]}}],"collection":[{"href":"https:\/\/www.sdh.hu\/en\/wp-json\/wp\/v2\/product"}],"about":[{"href":"https:\/\/www.sdh.hu\/en\/wp-json\/wp\/v2\/types\/product"}],"replies":[{"embeddable":true,"href":"https:\/\/www.sdh.hu\/en\/wp-json\/wp\/v2\/comments?post=9430"}],"wp:featuredmedia":[{"embeddable":true,"href":"https:\/\/www.sdh.hu\/en\/wp-json\/wp\/v2\/media\/9431"}],"wp:attachment":[{"href":"https:\/\/www.sdh.hu\/en\/wp-json\/wp\/v2\/media?parent=9430"}],"wp:term":[{"taxonomy":"product_brand","embeddable":true,"href":"https:\/\/www.sdh.hu\/en\/wp-json\/wp\/v2\/product_brand?post=9430"},{"taxonomy":"product_cat","embeddable":true,"href":"https:\/\/www.sdh.hu\/en\/wp-json\/wp\/v2\/product_cat?post=9430"},{"taxonomy":"product_tag","embeddable":true,"href":"https:\/\/www.sdh.hu\/en\/wp-json\/wp\/v2\/product_tag?post=9430"}],"curies":[{"name":"wp","href":"https:\/\/api.w.org\/{rel}","templated":true}]}}