{"id":9648,"date":"2022-11-28T09:29:38","date_gmt":"2022-11-28T09:29:38","guid":{"rendered":"https:\/\/www.sdh.hu\/?post_type=product&#038;p=9648"},"modified":"2025-09-01T08:09:21","modified_gmt":"2025-09-01T08:09:21","slug":"samsung-type-c-type-c-adat-es-toltokabel-5a-18m-fekete-ep-dx510jbegeu","status":"publish","type":"product","link":"https:\/\/www.sdh.hu\/en\/product\/samsung-type-c-type-c-adat-es-toltokabel-5a-18m-fekete-ep-dx510jbegeu\/","title":{"rendered":"Samsung Type-C &#8211; Type-C Adat \u00e9s T\u00f6lt\u0151k\u00e1bel 5A 1,8m Fekete &#8211; (EP-DX510JBEGEU)"},"content":{"rendered":"<p>A term\u00e9k eredeti, gy\u00e1ri alkatr\u00e9sz.<\/p>\n<p>A felt\u00fcntetett term\u00e9kk\u00e9pek mintak\u00e9pk\u00e9nt szolg\u00e1lnak.<\/p>\n<p>EP-DX510JBEGEU<\/p>","protected":false},"excerpt":{"rendered":"<p>Csatlakoz\u00e1s t\u00edpusa: Type-C &#8211; Type-C<\/p>\n<p>EP-DX510JBEGEU<\/p>","protected":false},"featured_media":9688,"comment_status":"open","ping_status":"closed","template":"","meta":[],"product_brand":[],"product_cat":[354],"product_tag":[457],"class_list":{"0":"post-9648","1":"product","2":"type-product","3":"status-publish","4":"has-post-thumbnail","6":"product_cat-samsung-kabelek-es-adapterek","7":"product_tag-ep-dx510jbegeu","9":"first","10":"outofstock","11":"taxable","12":"shipping-taxable","13":"purchasable","14":"product-type-simple"},"_links":{"self":[{"href":"https:\/\/www.sdh.hu\/en\/wp-json\/wp\/v2\/product\/9648","targetHints":{"allow":["GET"]}}],"collection":[{"href":"https:\/\/www.sdh.hu\/en\/wp-json\/wp\/v2\/product"}],"about":[{"href":"https:\/\/www.sdh.hu\/en\/wp-json\/wp\/v2\/types\/product"}],"replies":[{"embeddable":true,"href":"https:\/\/www.sdh.hu\/en\/wp-json\/wp\/v2\/comments?post=9648"}],"wp:featuredmedia":[{"embeddable":true,"href":"https:\/\/www.sdh.hu\/en\/wp-json\/wp\/v2\/media\/9688"}],"wp:attachment":[{"href":"https:\/\/www.sdh.hu\/en\/wp-json\/wp\/v2\/media?parent=9648"}],"wp:term":[{"taxonomy":"product_brand","embeddable":true,"href":"https:\/\/www.sdh.hu\/en\/wp-json\/wp\/v2\/product_brand?post=9648"},{"taxonomy":"product_cat","embeddable":true,"href":"https:\/\/www.sdh.hu\/en\/wp-json\/wp\/v2\/product_cat?post=9648"},{"taxonomy":"product_tag","embeddable":true,"href":"https:\/\/www.sdh.hu\/en\/wp-json\/wp\/v2\/product_tag?post=9648"}],"curies":[{"name":"wp","href":"https:\/\/api.w.org\/{rel}","templated":true}]}}